{"id":2022,"date":"2022-10-28T08:25:23","date_gmt":"2022-10-28T08:25:23","guid":{"rendered":"https:\/\/www.repiper.com\/product-catalogue\/"},"modified":"2025-02-17T06:12:05","modified_gmt":"2025-02-17T06:12:05","slug":"produktkatolog","status":"publish","type":"page","link":"https:\/\/www.repiper.com\/sv\/produktkatolog\/","title":{"rendered":"Produktkatalog"},"content":{"rendered":"\n<style type=\"text\/css\" data-created_by=\"avia_inline_auto\" id=\"style-css-av-7xuw4m-eade7cc50cb4051b80e149bb80b20383\">\n.avia-section.av-7xuw4m-eade7cc50cb4051b80e149bb80b20383{\nbackground-repeat:no-repeat;\nbackground-image:url(https:\/\/www.repiper.com\/wp-content\/uploads\/2022\/11\/Group-2447.jpg);\nbackground-position:50% 50%;\nbackground-attachment:scroll;\n}\n<\/style>\n<div id='av_section_1'  class='avia-section av-7xuw4m-eade7cc50cb4051b80e149bb80b20383 main_color avia-section-default avia-no-border-styling  avia-builder-el-0  el_before_av_section  avia-builder-el-first  full-banner half-banner invalid-custom-class-found avia-full-stretch avia-bg-style-scroll av-minimum-height av-minimum-height-custom av-height-custom  container_wrap fullsize'  data-section-bg-repeat='stretch' data-av_minimum_height_px='550'><div class='container av-section-cont-open' style='height:550px'><main  role=\"main\" itemprop=\"mainContentOfPage\"  class='template-page content  av-content-full alpha units'><div class='post-entry post-entry-type-page post-entry-2022'><div class='entry-content-wrapper clearfix'>\n<div class='flex_column_table av-6gsiza-d81c0512617166d91eac1898b4ff97f2 sc-av_three_fifth av-equal-height-column-flextable'><div  class='flex_column av-6gsiza-d81c0512617166d91eac1898b4ff97f2 av_three_fifth  avia-builder-el-1  el_before_av_two_fifth  avia-builder-el-first  first flex_column_table_cell av-equal-height-column av-align-middle  '     ><style type=\"text\/css\" data-created_by=\"avia_inline_auto\" id=\"style-css-av-l9s8cc9z-946720a2c1f5f4933f1214643cb77ee5\">\n#top .av-special-heading.av-l9s8cc9z-946720a2c1f5f4933f1214643cb77ee5{\npadding-bottom:10px;\ncolor:#ffffff;\nfont-size:60px;\n}\nbody .av-special-heading.av-l9s8cc9z-946720a2c1f5f4933f1214643cb77ee5 .av-special-heading-tag .heading-char{\nfont-size:25px;\n}\n#top #wrap_all .av-special-heading.av-l9s8cc9z-946720a2c1f5f4933f1214643cb77ee5 .av-special-heading-tag{\nfont-size:60px;\n}\n.av-special-heading.av-l9s8cc9z-946720a2c1f5f4933f1214643cb77ee5 .special-heading-inner-border{\nborder-color:#ffffff;\n}\n.av-special-heading.av-l9s8cc9z-946720a2c1f5f4933f1214643cb77ee5 .av-subheading{\nfont-size:15px;\n}\n\n@media only screen and (min-width: 480px) and (max-width: 767px){ \n#top #wrap_all .av-special-heading.av-l9s8cc9z-946720a2c1f5f4933f1214643cb77ee5 .av-special-heading-tag{\nfont-size:0.8em;\n}\n}\n\n@media only screen and (max-width: 479px){ \n#top #wrap_all .av-special-heading.av-l9s8cc9z-946720a2c1f5f4933f1214643cb77ee5 .av-special-heading-tag{\nfont-size:0.8em;\n}\n}\n<\/style>\n<div  class='av-special-heading av-l9s8cc9z-946720a2c1f5f4933f1214643cb77ee5 av-special-heading-h1 custom-color-heading blockquote modern-quote  avia-builder-el-2  avia-builder-el-no-sibling  animate-one av-inherit-size'><h1 class='av-special-heading-tag '  itemprop=\"headline\"  >Produktkatalog<\/h1><div class=\"special-heading-border\"><div class=\"special-heading-inner-border\"><\/div><\/div><\/div><\/div><div class='av-flex-placeholder'><\/div><div  class='flex_column av-31gsqe-d9b6496e8b8ca242cc48b1b9bc6dcf89 av_two_fifth  avia-builder-el-3  el_after_av_three_fifth  avia-builder-el-last  flex_column_table_cell av-equal-height-column av-align-middle  '     ><\/div><\/div><!--close column table wrapper. Autoclose: 1 -->\n\n<\/div><\/div><\/main><!-- close content main element --><\/div><\/div><div id='av_section_2'  class='avia-section av-4hfap2-a2bbe5747fba7de9e0762437ceee9c87 main_color avia-section-default avia-no-border-styling  avia-builder-el-4  el_after_av_section  el_before_av_section  avia-bg-style-scroll container_wrap fullsize'  ><div class='container av-section-cont-open' ><div class='template-page content  av-content-full alpha units'><div class='post-entry post-entry-type-page post-entry-2022'><div class='entry-content-wrapper clearfix'>\n<div  class='flex_column av-2tjy3q-7e02db26ccf1c17f8d393a6f64dad220 av_one_full  avia-builder-el-5  avia-builder-el-no-sibling  first flex_column_div  '     ><\/div><\/div><\/div><\/div><!-- close content main div --><\/div><\/div>\n<style type=\"text\/css\" data-created_by=\"avia_inline_auto\" id=\"style-css-av-av_section-bff1a918bf9877e8c01d8b3331fd2d30\">\n.avia-section.av-av_section-bff1a918bf9877e8c01d8b3331fd2d30{\nbackground-repeat:no-repeat;\nbackground-image:url(https:\/\/www.repiper.com\/wp-content\/uploads\/2022\/09\/Group-2453.jpg);\nbackground-position:50% 50%;\nbackground-attachment:scroll;\n}\n.avia-section.av-av_section-bff1a918bf9877e8c01d8b3331fd2d30 .av-section-color-overlay{\nopacity:0.5;\nbackground-color:#000000;\n}\n<\/style>\n<div id='av_section_3'  class='avia-section av-av_section-bff1a918bf9877e8c01d8b3331fd2d30 main_color avia-section-large avia-no-border-styling  avia-builder-el-7  el_after_av_section  avia-builder-el-last  bottom-cta avia-full-stretch avia-bg-style-scroll av-section-color-overlay-active container_wrap fullsize'  data-section-bg-repeat='stretch'><div class=\"av-section-color-overlay-wrap\"><div class=\"av-section-color-overlay\"><\/div><div class='container av-section-cont-open' ><div class='template-page content  av-content-full alpha units'><div class='post-entry post-entry-type-page post-entry-2022'><div class='entry-content-wrapper clearfix'>\n<div  class='flex_column av-av_three_fifth-0a64cf8c42f645e96c89f6881f8a01fa av_three_fifth  avia-builder-el-8  el_before_av_two_fifth  avia-builder-el-first  first flex_column_div  '     ><p>\n<style type=\"text\/css\" data-created_by=\"avia_inline_auto\" id=\"style-css-av-laroxa3q-10142efd767e7f0c67ff5a890120bdeb\">\n#top .av-special-heading.av-laroxa3q-10142efd767e7f0c67ff5a890120bdeb{\npadding-bottom:10px;\ncolor:#ffffff;\n}\nbody .av-special-heading.av-laroxa3q-10142efd767e7f0c67ff5a890120bdeb .av-special-heading-tag .heading-char{\nfont-size:25px;\n}\n.av-special-heading.av-laroxa3q-10142efd767e7f0c67ff5a890120bdeb .special-heading-inner-border{\nborder-color:#ffffff;\n}\n.av-special-heading.av-laroxa3q-10142efd767e7f0c67ff5a890120bdeb .av-subheading{\nfont-size:15px;\n}\n<\/style>\n<div  class='av-special-heading av-laroxa3q-10142efd767e7f0c67ff5a890120bdeb av-special-heading-h2 custom-color-heading blockquote modern-quote  avia-builder-el-9  el_before_av_textblock  avia-builder-el-first '><h2 class='av-special-heading-tag '  itemprop=\"headline\"  >Missa inte chansen att arbeta med Repipers verktyg och produkter!<\/h2><div class=\"special-heading-border\"><div class=\"special-heading-inner-border\"><\/div><\/div><\/div><br \/>\n\n<style type=\"text\/css\" data-created_by=\"avia_inline_auto\" id=\"style-css-av-av_textblock-9c02898517891ed0b33d7328322ef790\">\n#top .av_textblock_section.av-av_textblock-9c02898517891ed0b33d7328322ef790 .avia_textblock{\ncolor:#ffffff;\n}\n<\/style>\n<section  class='av_textblock_section av-av_textblock-9c02898517891ed0b33d7328322ef790 '   itemscope=\"itemscope\" itemtype=\"https:\/\/schema.org\/CreativeWork\" ><div class='avia_textblock av_inherit_color'  itemprop=\"text\" ><p>F\u00f6retag fr\u00e5n hela v\u00e4rlden anv\u00e4nder v\u00e5ra verktyg vid relining!<\/p>\n<\/div><\/section><br \/>\n<div  class='avia-button-wrap av-av_button-2219dfa1618d70f41cdd4393967ced29-wrap avia-button-left  avia-builder-el-11  el_after_av_textblock  avia-builder-el-last  button-blue'>\n<style type=\"text\/css\" data-created_by=\"avia_inline_auto\" id=\"style-css-av-av_button-2219dfa1618d70f41cdd4393967ced29\">\n#top #wrap_all .avia-button.av-av_button-2219dfa1618d70f41cdd4393967ced29{\nfont-size:12px;\ntransition:all 0.4s ease-in-out;\nmargin:40px 0 0 0;\npadding:19px 38px 18px 39px;\n}\n#top #wrap_all .avia-button.av-av_button-2219dfa1618d70f41cdd4393967ced29:hover{\nopacity:0.8;\ntransition:all 0.4s ease-in-out;\n}\n<\/style>\n<a href='https:\/\/www.repiper.com\/sv\/kontakt\/'  class='avia-button av-av_button-2219dfa1618d70f41cdd4393967ced29 av-link-btn avia-icon_select-no avia-size-x-large avia-position-left avia-color-dark'   aria-label=\"KONTAKTA OSS\"><span class='avia_iconbox_title' >KONTAKTA OSS<\/span><\/a><\/div><\/p><\/div>\n<style type=\"text\/css\" data-created_by=\"avia_inline_auto\" id=\"style-css-av-av_two_fifth-7a6c853f70477341de5a646fa48fe4cd\">\n.flex_column.av-av_two_fifth-7a6c853f70477341de5a646fa48fe4cd{\nborder-radius:0 0 0 0;\npadding:0 0 0 0;\n}\n<\/style>\n<div  class='flex_column av-av_two_fifth-7a6c853f70477341de5a646fa48fe4cd av_two_fifth  avia-builder-el-12  el_after_av_three_fifth  avia-builder-el-last  flex_column_div av-zero-column-padding  '     ><\/div>\n<\/p>\n","protected":false},"excerpt":{"rendered":"","protected":false},"author":3,"featured_media":0,"parent":0,"menu_order":0,"comment_status":"closed","ping_status":"closed","template":"","meta":{"_acf_changed":false,"footnotes":""},"class_list":["post-2022","page","type-page","status-publish","hentry"],"acf":[],"yoast_head":"<!-- This site is optimized with the Yoast SEO plugin v27.4 - https:\/\/yoast.com\/product\/yoast-seo-wordpress\/ -->\n<title>Produktkatalog | Repiper<\/title>\n<meta name=\"description\" content=\"L\u00e4s mer om v\u00e5ra produkter och verktyg i v\u00e5r produktkatalog.\" \/>\n<meta name=\"robots\" content=\"index, follow, max-snippet:-1, max-image-preview:large, max-video-preview:-1\" \/>\n<link rel=\"canonical\" href=\"https:\/\/www.repiper.com\/sv\/produktkatolog\/\" \/>\n<meta property=\"og:locale\" content=\"sv_SE\" \/>\n<meta property=\"og:type\" content=\"article\" \/>\n<meta property=\"og:title\" content=\"Produktkatalog | Repiper\" \/>\n<meta property=\"og:description\" content=\"L\u00e4s mer om v\u00e5ra produkter och verktyg i v\u00e5r produktkatalog.\" \/>\n<meta property=\"og:url\" content=\"https:\/\/www.repiper.com\/sv\/produktkatolog\/\" \/>\n<meta property=\"og:site_name\" content=\"Repiper\" \/>\n<meta property=\"article:publisher\" content=\"https:\/\/www.facebook.com\/RepiperAB\/\" \/>\n<meta property=\"article:modified_time\" content=\"2025-02-17T06:12:05+00:00\" \/>\n<meta name=\"twitter:card\" content=\"summary_large_image\" \/>\n<meta name=\"twitter:label1\" content=\"Ber\u00e4knad l\u00e4stid\" \/>\n\t<meta name=\"twitter:data1\" content=\"1 minut\" \/>\n<script type=\"application\/ld+json\" class=\"yoast-schema-graph\">{\"@context\":\"https:\\\/\\\/schema.org\",\"@graph\":[{\"@type\":\"WebPage\",\"@id\":\"https:\\\/\\\/www.repiper.com\\\/sv\\\/produktkatolog\\\/\",\"url\":\"https:\\\/\\\/www.repiper.com\\\/sv\\\/produktkatolog\\\/\",\"name\":\"Produktkatalog | Repiper\",\"isPartOf\":{\"@id\":\"https:\\\/\\\/www.repiper.com\\\/sv\\\/#website\"},\"datePublished\":\"2022-10-28T08:25:23+00:00\",\"dateModified\":\"2025-02-17T06:12:05+00:00\",\"description\":\"L\u00e4s mer om v\u00e5ra produkter och verktyg i v\u00e5r produktkatalog.\",\"breadcrumb\":{\"@id\":\"https:\\\/\\\/www.repiper.com\\\/sv\\\/produktkatolog\\\/#breadcrumb\"},\"inLanguage\":\"sv-SE\",\"potentialAction\":[{\"@type\":\"ReadAction\",\"target\":[\"https:\\\/\\\/www.repiper.com\\\/sv\\\/produktkatolog\\\/\"]}]},{\"@type\":\"BreadcrumbList\",\"@id\":\"https:\\\/\\\/www.repiper.com\\\/sv\\\/produktkatolog\\\/#breadcrumb\",\"itemListElement\":[{\"@type\":\"ListItem\",\"position\":1,\"name\":\"Home\",\"item\":\"https:\\\/\\\/www.repiper.com\\\/sv\\\/hem\\\/\"},{\"@type\":\"ListItem\",\"position\":2,\"name\":\"Produktkatalog\"}]},{\"@type\":\"WebSite\",\"@id\":\"https:\\\/\\\/www.repiper.com\\\/sv\\\/#website\",\"url\":\"https:\\\/\\\/www.repiper.com\\\/sv\\\/\",\"name\":\"Repiper\",\"description\":\"\",\"publisher\":{\"@id\":\"https:\\\/\\\/www.repiper.com\\\/sv\\\/#organization\"},\"potentialAction\":[{\"@type\":\"SearchAction\",\"target\":{\"@type\":\"EntryPoint\",\"urlTemplate\":\"https:\\\/\\\/www.repiper.com\\\/sv\\\/?s={search_term_string}\"},\"query-input\":{\"@type\":\"PropertyValueSpecification\",\"valueRequired\":true,\"valueName\":\"search_term_string\"}}],\"inLanguage\":\"sv-SE\"},{\"@type\":\"Organization\",\"@id\":\"https:\\\/\\\/www.repiper.com\\\/sv\\\/#organization\",\"name\":\"Repiper US\",\"url\":\"https:\\\/\\\/www.repiper.com\\\/sv\\\/\",\"logo\":{\"@type\":\"ImageObject\",\"inLanguage\":\"sv-SE\",\"@id\":\"https:\\\/\\\/www.repiper.com\\\/sv\\\/#\\\/schema\\\/logo\\\/image\\\/\",\"url\":\"https:\\\/\\\/www.repiper.com\\\/wp-content\\\/uploads\\\/2022\\\/09\\\/Repiper-sublogo.png\",\"contentUrl\":\"https:\\\/\\\/www.repiper.com\\\/wp-content\\\/uploads\\\/2022\\\/09\\\/Repiper-sublogo.png\",\"width\":506,\"height\":151,\"caption\":\"Repiper US\"},\"image\":{\"@id\":\"https:\\\/\\\/www.repiper.com\\\/sv\\\/#\\\/schema\\\/logo\\\/image\\\/\"},\"sameAs\":[\"https:\\\/\\\/www.facebook.com\\\/RepiperAB\\\/\",\"https:\\\/\\\/se.linkedin.com\\\/company\\\/repiper\",\"https:\\\/\\\/www.instagram.com\\\/repiperab\\\/\"]}]}<\/script>\n<!-- \/ Yoast SEO plugin. -->","yoast_head_json":{"title":"Produktkatalog | Repiper","description":"L\u00e4s mer om v\u00e5ra produkter och verktyg i v\u00e5r produktkatalog.","robots":{"index":"index","follow":"follow","max-snippet":"max-snippet:-1","max-image-preview":"max-image-preview:large","max-video-preview":"max-video-preview:-1"},"canonical":"https:\/\/www.repiper.com\/sv\/produktkatolog\/","og_locale":"sv_SE","og_type":"article","og_title":"Produktkatalog | Repiper","og_description":"L\u00e4s mer om v\u00e5ra produkter och verktyg i v\u00e5r produktkatalog.","og_url":"https:\/\/www.repiper.com\/sv\/produktkatolog\/","og_site_name":"Repiper","article_publisher":"https:\/\/www.facebook.com\/RepiperAB\/","article_modified_time":"2025-02-17T06:12:05+00:00","twitter_card":"summary_large_image","twitter_misc":{"Ber\u00e4knad l\u00e4stid":"1 minut"},"schema":{"@context":"https:\/\/schema.org","@graph":[{"@type":"WebPage","@id":"https:\/\/www.repiper.com\/sv\/produktkatolog\/","url":"https:\/\/www.repiper.com\/sv\/produktkatolog\/","name":"Produktkatalog | Repiper","isPartOf":{"@id":"https:\/\/www.repiper.com\/sv\/#website"},"datePublished":"2022-10-28T08:25:23+00:00","dateModified":"2025-02-17T06:12:05+00:00","description":"L\u00e4s mer om v\u00e5ra produkter och verktyg i v\u00e5r produktkatalog.","breadcrumb":{"@id":"https:\/\/www.repiper.com\/sv\/produktkatolog\/#breadcrumb"},"inLanguage":"sv-SE","potentialAction":[{"@type":"ReadAction","target":["https:\/\/www.repiper.com\/sv\/produktkatolog\/"]}]},{"@type":"BreadcrumbList","@id":"https:\/\/www.repiper.com\/sv\/produktkatolog\/#breadcrumb","itemListElement":[{"@type":"ListItem","position":1,"name":"Home","item":"https:\/\/www.repiper.com\/sv\/hem\/"},{"@type":"ListItem","position":2,"name":"Produktkatalog"}]},{"@type":"WebSite","@id":"https:\/\/www.repiper.com\/sv\/#website","url":"https:\/\/www.repiper.com\/sv\/","name":"Repiper","description":"","publisher":{"@id":"https:\/\/www.repiper.com\/sv\/#organization"},"potentialAction":[{"@type":"SearchAction","target":{"@type":"EntryPoint","urlTemplate":"https:\/\/www.repiper.com\/sv\/?s={search_term_string}"},"query-input":{"@type":"PropertyValueSpecification","valueRequired":true,"valueName":"search_term_string"}}],"inLanguage":"sv-SE"},{"@type":"Organization","@id":"https:\/\/www.repiper.com\/sv\/#organization","name":"Repiper US","url":"https:\/\/www.repiper.com\/sv\/","logo":{"@type":"ImageObject","inLanguage":"sv-SE","@id":"https:\/\/www.repiper.com\/sv\/#\/schema\/logo\/image\/","url":"https:\/\/www.repiper.com\/wp-content\/uploads\/2022\/09\/Repiper-sublogo.png","contentUrl":"https:\/\/www.repiper.com\/wp-content\/uploads\/2022\/09\/Repiper-sublogo.png","width":506,"height":151,"caption":"Repiper US"},"image":{"@id":"https:\/\/www.repiper.com\/sv\/#\/schema\/logo\/image\/"},"sameAs":["https:\/\/www.facebook.com\/RepiperAB\/","https:\/\/se.linkedin.com\/company\/repiper","https:\/\/www.instagram.com\/repiperab\/"]}]}},"_links":{"self":[{"href":"https:\/\/www.repiper.com\/sv\/wp-json\/wp\/v2\/pages\/2022","targetHints":{"allow":["GET"]}}],"collection":[{"href":"https:\/\/www.repiper.com\/sv\/wp-json\/wp\/v2\/pages"}],"about":[{"href":"https:\/\/www.repiper.com\/sv\/wp-json\/wp\/v2\/types\/page"}],"author":[{"embeddable":true,"href":"https:\/\/www.repiper.com\/sv\/wp-json\/wp\/v2\/users\/3"}],"replies":[{"embeddable":true,"href":"https:\/\/www.repiper.com\/sv\/wp-json\/wp\/v2\/comments?post=2022"}],"version-history":[{"count":6,"href":"https:\/\/www.repiper.com\/sv\/wp-json\/wp\/v2\/pages\/2022\/revisions"}],"predecessor-version":[{"id":7303,"href":"https:\/\/www.repiper.com\/sv\/wp-json\/wp\/v2\/pages\/2022\/revisions\/7303"}],"wp:attachment":[{"href":"https:\/\/www.repiper.com\/sv\/wp-json\/wp\/v2\/media?parent=2022"}],"curies":[{"name":"wp","href":"https:\/\/api.w.org\/{rel}","templated":true}]}}