{"id":2024,"date":"2022-10-19T06:04:15","date_gmt":"2022-10-19T06:04:15","guid":{"rendered":"https:\/\/www.repiper.com\/products\/"},"modified":"2022-11-22T07:00:00","modified_gmt":"2022-11-22T07:00:00","slug":"produkter","status":"publish","type":"page","link":"https:\/\/www.repiper.com\/sv\/produkter\/","title":{"rendered":"Produkter"},"content":{"rendered":"\n<style type=\"text\/css\" data-created_by=\"avia_inline_auto\" id=\"style-css-av-f4tsha-88031df8e4ba8d1ad583522ddc420f2c\">\n.avia-section.av-f4tsha-88031df8e4ba8d1ad583522ddc420f2c{\nbackground-repeat:no-repeat;\nbackground-image:url(https:\/\/www.repiper.com\/wp-content\/uploads\/2022\/10\/01_dark.jpg);\nbackground-position:50% 50%;\nbackground-attachment:scroll;\n}\n<\/style>\n<div id='av_section_1'  class='avia-section av-f4tsha-88031df8e4ba8d1ad583522ddc420f2c main_color avia-section-default avia-no-border-styling  avia-builder-el-0  el_before_av_section  avia-builder-el-first  half-banner avia-full-stretch avia-bg-style-scroll av-minimum-height av-minimum-height-custom av-height-custom  container_wrap fullsize'  data-section-bg-repeat='stretch' data-av_minimum_height_px='550'><div class='container av-section-cont-open' style='height:550px'><main  role=\"main\" itemprop=\"mainContentOfPage\"  class='template-page content  av-content-full alpha units'><div class='post-entry post-entry-type-page post-entry-2024'><div class='entry-content-wrapper clearfix'>\n<div class='flex_column_table av-ek8eny-e2dd0e9ec962ef258195e889a9299469 sc-av_three_fifth av-equal-height-column-flextable'><div  class='flex_column av-ek8eny-e2dd0e9ec962ef258195e889a9299469 av_three_fifth  avia-builder-el-1  el_before_av_two_fifth  avia-builder-el-first  first flex_column_table_cell av-equal-height-column av-align-middle  '     ><p>\n<style type=\"text\/css\" data-created_by=\"avia_inline_auto\" id=\"style-css-av-l9r2yncx-f7ec6000a20de972336a9e5b08d0bf2e\">\n#top .av-special-heading.av-l9r2yncx-f7ec6000a20de972336a9e5b08d0bf2e{\npadding-bottom:10px;\ncolor:#ffffff;\nfont-size:60px;\n}\nbody .av-special-heading.av-l9r2yncx-f7ec6000a20de972336a9e5b08d0bf2e .av-special-heading-tag .heading-char{\nfont-size:25px;\n}\n#top #wrap_all .av-special-heading.av-l9r2yncx-f7ec6000a20de972336a9e5b08d0bf2e .av-special-heading-tag{\nfont-size:60px;\n}\n.av-special-heading.av-l9r2yncx-f7ec6000a20de972336a9e5b08d0bf2e .special-heading-inner-border{\nborder-color:#ffffff;\n}\n.av-special-heading.av-l9r2yncx-f7ec6000a20de972336a9e5b08d0bf2e .av-subheading{\nfont-size:15px;\n}\n\n@media only screen and (min-width: 480px) and (max-width: 767px){ \n#top #wrap_all .av-special-heading.av-l9r2yncx-f7ec6000a20de972336a9e5b08d0bf2e .av-special-heading-tag{\nfont-size:0.8em;\n}\n}\n\n@media only screen and (max-width: 479px){ \n#top #wrap_all .av-special-heading.av-l9r2yncx-f7ec6000a20de972336a9e5b08d0bf2e .av-special-heading-tag{\nfont-size:0.8em;\n}\n}\n<\/style>\n<div  class='av-special-heading av-l9r2yncx-f7ec6000a20de972336a9e5b08d0bf2e av-special-heading-h1 custom-color-heading blockquote modern-quote  avia-builder-el-2  el_before_av_textblock  avia-builder-el-first  animate-one av-inherit-size'><h1 class='av-special-heading-tag '  itemprop=\"headline\"  >Produkter<\/h1><div class=\"special-heading-border\"><div class=\"special-heading-inner-border\"><\/div><\/div><\/div><br \/>\n\n<style type=\"text\/css\" data-created_by=\"avia_inline_auto\" id=\"style-css-av-l9f8fuah-a73824a55cd96cc208ad004b2e10c518\">\n#top .av_textblock_section.av-l9f8fuah-a73824a55cd96cc208ad004b2e10c518 .avia_textblock{\nfont-size:18px;\ncolor:#ffffff;\n}\n<\/style>\n<section  class='av_textblock_section av-l9f8fuah-a73824a55cd96cc208ad004b2e10c518 '   itemscope=\"itemscope\" itemtype=\"https:\/\/schema.org\/CreativeWork\" ><div class='avia_textblock hero-sub-heading av_inherit_color'  itemprop=\"text\" ><p>Repipers verktyg och andra produkter, underl\u00e4ttar reliningsinstallationer \u2013 speciellt installationer av grenf\u00f6rst\u00e4rkningar, samt relining av avloppsr\u00f6r i mindre dimensioner, ex. till l\u00e4genheter och badrum.<\/p>\n<\/div><\/section><\/p><\/div><div class='av-flex-placeholder'><\/div><div  class='flex_column av-ba95fi-e3ff0fe63eb4074bce72da52b54d46f8 av_two_fifth  avia-builder-el-4  el_after_av_three_fifth  avia-builder-el-last  flex_column_table_cell av-equal-height-column av-align-middle  '     ><\/div><\/div><!--close column table wrapper. Autoclose: 1 -->\n\n<\/div><\/div><\/main><!-- close content main element --><\/div><\/div><div id='scroll-down'  class='avia-section av-dtpz3i-592844cce2023b797b213795ffaf529b main_color avia-section-default avia-no-border-styling  avia-builder-el-5  el_after_av_section  el_before_av_section  home-products title-flex avia-bg-style-scroll container_wrap fullsize'  ><div class='container av-section-cont-open' ><div class='template-page content  av-content-full alpha units'><div class='post-entry post-entry-type-page post-entry-2024'><div class='entry-content-wrapper clearfix'>\n<div class='flex_column_table av-brf2su-af99e3e4a4a93b43aa8ddb1885ec5e41 sc-av_two_fifth av-equal-height-column-flextable'>\n<style type=\"text\/css\" data-created_by=\"avia_inline_auto\" id=\"style-css-av-brf2su-af99e3e4a4a93b43aa8ddb1885ec5e41\">\n.flex_column.av-brf2su-af99e3e4a4a93b43aa8ddb1885ec5e41{\nborder-radius:8px 8px 8px 8px;\n}\n<\/style>\n<div  class='flex_column av-brf2su-af99e3e4a4a93b43aa8ddb1885ec5e41 av_two_fifth  avia-builder-el-6  el_before_av_one_fourth  avia-builder-el-first  first flex_column_table_cell av-equal-height-column av-align-top  '     ><style type=\"text\/css\" data-created_by=\"avia_inline_auto\" id=\"style-css-av-at3nhq-8e569d8f1cd96f8441a9b9b382752c83\">\n#top .av-special-heading.av-at3nhq-8e569d8f1cd96f8441a9b9b382752c83{\npadding-bottom:10px;\ncolor:#2e3335;\n}\nbody .av-special-heading.av-at3nhq-8e569d8f1cd96f8441a9b9b382752c83 .av-special-heading-tag .heading-char{\nfont-size:25px;\n}\n.av-special-heading.av-at3nhq-8e569d8f1cd96f8441a9b9b382752c83 .special-heading-inner-border{\nborder-color:#005baa;\n}\n.av-special-heading.av-at3nhq-8e569d8f1cd96f8441a9b9b382752c83 .av-subheading{\nfont-size:15px;\ncolor:#005baa;\n}\nbody .av-special-heading.av-at3nhq-8e569d8f1cd96f8441a9b9b382752c83 .av-special-heading-tag .heading-wrap:before{\nborder-color:#005baa;\n}\nbody .av-special-heading.av-at3nhq-8e569d8f1cd96f8441a9b9b382752c83 .av-special-heading-tag .heading-wrap:after{\nborder-color:#005baa;\n}\n<\/style>\n<div  class='av-special-heading av-at3nhq-8e569d8f1cd96f8441a9b9b382752c83 av-special-heading-h2 custom-color-heading blockquote modern-quote  avia-builder-el-7  avia-builder-el-no-sibling  sub-heading-blue'><div class='av_custom_color av-subheading av-subheading_above'><p>V\u00c5RA PRODUKTER<\/p>\n<\/div><h2 class='av-special-heading-tag '  itemprop=\"headline\"  >Vi erbjuder dig innovativa och fullt testade l\u00f6sningar<\/h2><div class=\"special-heading-border\"><div class=\"special-heading-inner-border\"><\/div><\/div><\/div><\/div><div class='av-flex-placeholder'><\/div><div  class='flex_column av-8jretq-cf75e2c120948636799702ab372d143c av_one_fourth  avia-builder-el-8  el_after_av_two_fifth  el_before_av_one_third  flex_column_table_cell av-equal-height-column av-align-top  '     ><\/div><div class='av-flex-placeholder'><\/div><div  class='flex_column av-7z4qpq-abee3d940c66a26a418acf891704e63a av_one_third  avia-builder-el-9  el_after_av_one_fourth  el_before_av_codeblock  flex_column_table_cell av-equal-height-column av-align-top  '     ><p><section  class='av_textblock_section av-5bt11q-22b5de9bd28305ea8dad6cbcb8465f37 '   itemscope=\"itemscope\" itemtype=\"https:\/\/schema.org\/CreativeWork\" ><div class='avia_textblock av_inherit_color'  itemprop=\"text\" ><p>Kolla in v\u00e5rt utbud av avloppsreng\u00f6ringsverktyg och reliningutrustning och klicka f\u00f6r att l\u00e4ra k\u00e4nna v\u00e5ra produkter.<\/p>\n<\/div><\/section><br \/>\n<div  class='avia-button-wrap av-3jvae6-7d51c00fbf9c806f941173eba6787f7e-wrap avia-button-left  avia-builder-el-11  el_after_av_textblock  avia-builder-el-last  button-blue'>\n<style type=\"text\/css\" data-created_by=\"avia_inline_auto\" id=\"style-css-av-3jvae6-7d51c00fbf9c806f941173eba6787f7e\">\n#top #wrap_all .avia-button.av-3jvae6-7d51c00fbf9c806f941173eba6787f7e{\nfont-size:12px;\ntransition:all 0.4s ease-in-out;\nmargin:40px 0 0 0;\npadding:19px 38px 18px 39px;\n}\n#top #wrap_all .avia-button.av-3jvae6-7d51c00fbf9c806f941173eba6787f7e:hover{\nopacity:0.8;\ntransition:all 0.4s ease-in-out;\n}\n<\/style>\n<a href='https:\/\/www.repiper.com\/sv\/produktkatolog\/'  class='avia-button av-3jvae6-7d51c00fbf9c806f941173eba6787f7e av-link-btn avia-icon_select-no avia-size-x-large avia-position-left avia-color-dark'   aria-label=\"LADDA NED PRODUKTKATALOG\"><span class='avia_iconbox_title' >LADDA NED PRODUKTKATALOG<\/span><\/a><\/div><\/p><\/div><\/div><!--close column table wrapper. Autoclose: 1 -->\n\n<\/div><\/div><\/div><!-- close content main div --><\/div><\/div>\n<style type=\"text\/css\" data-created_by=\"avia_inline_auto\" id=\"style-css-av-av_section-bff1a918bf9877e8c01d8b3331fd2d30\">\n.avia-section.av-av_section-bff1a918bf9877e8c01d8b3331fd2d30{\nbackground-repeat:no-repeat;\nbackground-image:url(https:\/\/www.repiper.com\/wp-content\/uploads\/2022\/09\/Group-2453.jpg);\nbackground-position:50% 50%;\nbackground-attachment:scroll;\n}\n.avia-section.av-av_section-bff1a918bf9877e8c01d8b3331fd2d30 .av-section-color-overlay{\nopacity:0.5;\nbackground-color:#000000;\n}\n<\/style>\n<div id='av_section_3'  class='avia-section av-av_section-bff1a918bf9877e8c01d8b3331fd2d30 main_color avia-section-large avia-no-border-styling  avia-builder-el-13  el_after_av_section  avia-builder-el-last  bottom-cta avia-full-stretch avia-bg-style-scroll av-section-color-overlay-active container_wrap fullsize'  data-section-bg-repeat='stretch'><div class=\"av-section-color-overlay-wrap\"><div class=\"av-section-color-overlay\"><\/div><div class='container av-section-cont-open' ><div class='template-page content  av-content-full alpha units'><div class='post-entry post-entry-type-page post-entry-2024'><div class='entry-content-wrapper clearfix'>\n<div  class='flex_column av-av_three_fifth-0a64cf8c42f645e96c89f6881f8a01fa av_three_fifth  avia-builder-el-14  el_before_av_two_fifth  avia-builder-el-first  first flex_column_div  '     ><p>\n<style type=\"text\/css\" data-created_by=\"avia_inline_auto\" id=\"style-css-av-larotj9p-7b042b610efcc6b871f36409ade47981\">\n#top .av-special-heading.av-larotj9p-7b042b610efcc6b871f36409ade47981{\npadding-bottom:10px;\ncolor:#ffffff;\n}\nbody .av-special-heading.av-larotj9p-7b042b610efcc6b871f36409ade47981 .av-special-heading-tag .heading-char{\nfont-size:25px;\n}\n.av-special-heading.av-larotj9p-7b042b610efcc6b871f36409ade47981 .special-heading-inner-border{\nborder-color:#ffffff;\n}\n.av-special-heading.av-larotj9p-7b042b610efcc6b871f36409ade47981 .av-subheading{\nfont-size:15px;\n}\n<\/style>\n<div  class='av-special-heading av-larotj9p-7b042b610efcc6b871f36409ade47981 av-special-heading-h2 custom-color-heading blockquote modern-quote  avia-builder-el-15  el_before_av_textblock  avia-builder-el-first '><h2 class='av-special-heading-tag '  itemprop=\"headline\"  >Missa inte chansen att arbeta med Repipers verktyg och produkter!<\/h2><div class=\"special-heading-border\"><div class=\"special-heading-inner-border\"><\/div><\/div><\/div><br \/>\n\n<style type=\"text\/css\" data-created_by=\"avia_inline_auto\" id=\"style-css-av-av_textblock-9c02898517891ed0b33d7328322ef790\">\n#top .av_textblock_section.av-av_textblock-9c02898517891ed0b33d7328322ef790 .avia_textblock{\ncolor:#ffffff;\n}\n<\/style>\n<section  class='av_textblock_section av-av_textblock-9c02898517891ed0b33d7328322ef790 '   itemscope=\"itemscope\" itemtype=\"https:\/\/schema.org\/CreativeWork\" ><div class='avia_textblock av_inherit_color'  itemprop=\"text\" ><p>F\u00f6retag fr\u00e5n hela v\u00e4rlden anv\u00e4nder v\u00e5ra verktyg vid relining!<\/p>\n<\/div><\/section><br \/>\n<div  class='avia-button-wrap av-av_button-2219dfa1618d70f41cdd4393967ced29-wrap avia-button-left  avia-builder-el-17  el_after_av_textblock  avia-builder-el-last  button-blue'>\n<style type=\"text\/css\" data-created_by=\"avia_inline_auto\" id=\"style-css-av-av_button-2219dfa1618d70f41cdd4393967ced29\">\n#top #wrap_all .avia-button.av-av_button-2219dfa1618d70f41cdd4393967ced29{\nfont-size:12px;\ntransition:all 0.4s ease-in-out;\nmargin:40px 0 0 0;\npadding:19px 38px 18px 39px;\n}\n#top #wrap_all .avia-button.av-av_button-2219dfa1618d70f41cdd4393967ced29:hover{\nopacity:0.8;\ntransition:all 0.4s ease-in-out;\n}\n<\/style>\n<a href='https:\/\/www.repiper.com\/sv\/kontakt\/'  class='avia-button av-av_button-2219dfa1618d70f41cdd4393967ced29 av-link-btn avia-icon_select-no avia-size-x-large avia-position-left avia-color-dark'   aria-label=\"KONTAKTA OSS\"><span class='avia_iconbox_title' >KONTAKTA OSS<\/span><\/a><\/div><\/p><\/div>\n<style type=\"text\/css\" data-created_by=\"avia_inline_auto\" id=\"style-css-av-av_two_fifth-7a6c853f70477341de5a646fa48fe4cd\">\n.flex_column.av-av_two_fifth-7a6c853f70477341de5a646fa48fe4cd{\nborder-radius:0 0 0 0;\npadding:0 0 0 0;\n}\n<\/style>\n<div  class='flex_column av-av_two_fifth-7a6c853f70477341de5a646fa48fe4cd av_two_fifth  avia-builder-el-18  el_after_av_three_fifth  avia-builder-el-last  flex_column_div av-zero-column-padding  '     ><\/div>\n","protected":false},"excerpt":{"rendered":"","protected":false},"author":3,"featured_media":0,"parent":0,"menu_order":0,"comment_status":"closed","ping_status":"closed","template":"","meta":{"_acf_changed":false,"footnotes":""},"class_list":["post-2024","page","type-page","status-publish","hentry"],"acf":[],"yoast_head":"<!-- This site is optimized with the Yoast SEO plugin v27.4 - https:\/\/yoast.com\/product\/yoast-seo-wordpress\/ -->\n<title>Produkter SE - Repiper<\/title>\n<meta name=\"description\" content=\"Repipers verktyg och andra produkter, underl\u00e4ttar reliningsinstallationer \u2013 speciellt installationer av grenf\u00f6rst\u00e4rkningar, samt relining av avloppsr\u00f6r i mindre dimensioner, ex. till l\u00e4genheter och badrum.\" \/>\n<meta name=\"robots\" content=\"index, follow, max-snippet:-1, max-image-preview:large, max-video-preview:-1\" \/>\n<link rel=\"canonical\" href=\"https:\/\/www.repiper.com\/sv\/produkter\/\" \/>\n<meta property=\"og:locale\" content=\"sv_SE\" \/>\n<meta property=\"og:type\" content=\"article\" \/>\n<meta property=\"og:title\" content=\"Produkter SE - Repiper\" \/>\n<meta property=\"og:description\" content=\"Repipers verktyg och andra produkter, underl\u00e4ttar reliningsinstallationer \u2013 speciellt installationer av grenf\u00f6rst\u00e4rkningar, samt relining av avloppsr\u00f6r i mindre dimensioner, ex. till l\u00e4genheter och badrum.\" \/>\n<meta property=\"og:url\" content=\"https:\/\/www.repiper.com\/sv\/produkter\/\" \/>\n<meta property=\"og:site_name\" content=\"Repiper\" \/>\n<meta property=\"article:publisher\" content=\"https:\/\/www.facebook.com\/RepiperAB\/\" \/>\n<meta property=\"article:modified_time\" content=\"2022-11-22T07:00:00+00:00\" \/>\n<meta name=\"twitter:card\" content=\"summary_large_image\" \/>\n<meta name=\"twitter:label1\" content=\"Ber\u00e4knad l\u00e4stid\" \/>\n\t<meta name=\"twitter:data1\" content=\"7 minuter\" \/>\n<script type=\"application\/ld+json\" class=\"yoast-schema-graph\">{\"@context\":\"https:\\\/\\\/schema.org\",\"@graph\":[{\"@type\":\"WebPage\",\"@id\":\"https:\\\/\\\/www.repiper.com\\\/sv\\\/produkter\\\/\",\"url\":\"https:\\\/\\\/www.repiper.com\\\/sv\\\/produkter\\\/\",\"name\":\"Produkter SE - Repiper\",\"isPartOf\":{\"@id\":\"https:\\\/\\\/www.repiper.com\\\/sv\\\/#website\"},\"datePublished\":\"2022-10-19T06:04:15+00:00\",\"dateModified\":\"2022-11-22T07:00:00+00:00\",\"description\":\"Repipers verktyg och andra produkter, underl\u00e4ttar reliningsinstallationer \u2013 speciellt installationer av grenf\u00f6rst\u00e4rkningar, samt relining av avloppsr\u00f6r i mindre dimensioner, ex. till l\u00e4genheter och badrum.\",\"breadcrumb\":{\"@id\":\"https:\\\/\\\/www.repiper.com\\\/sv\\\/produkter\\\/#breadcrumb\"},\"inLanguage\":\"sv-SE\",\"potentialAction\":[{\"@type\":\"ReadAction\",\"target\":[\"https:\\\/\\\/www.repiper.com\\\/sv\\\/produkter\\\/\"]}]},{\"@type\":\"BreadcrumbList\",\"@id\":\"https:\\\/\\\/www.repiper.com\\\/sv\\\/produkter\\\/#breadcrumb\",\"itemListElement\":[{\"@type\":\"ListItem\",\"position\":1,\"name\":\"Home\",\"item\":\"https:\\\/\\\/www.repiper.com\\\/sv\\\/hem\\\/\"},{\"@type\":\"ListItem\",\"position\":2,\"name\":\"Produkter\"}]},{\"@type\":\"WebSite\",\"@id\":\"https:\\\/\\\/www.repiper.com\\\/sv\\\/#website\",\"url\":\"https:\\\/\\\/www.repiper.com\\\/sv\\\/\",\"name\":\"Repiper\",\"description\":\"\",\"publisher\":{\"@id\":\"https:\\\/\\\/www.repiper.com\\\/sv\\\/#organization\"},\"potentialAction\":[{\"@type\":\"SearchAction\",\"target\":{\"@type\":\"EntryPoint\",\"urlTemplate\":\"https:\\\/\\\/www.repiper.com\\\/sv\\\/?s={search_term_string}\"},\"query-input\":{\"@type\":\"PropertyValueSpecification\",\"valueRequired\":true,\"valueName\":\"search_term_string\"}}],\"inLanguage\":\"sv-SE\"},{\"@type\":\"Organization\",\"@id\":\"https:\\\/\\\/www.repiper.com\\\/sv\\\/#organization\",\"name\":\"Repiper US\",\"url\":\"https:\\\/\\\/www.repiper.com\\\/sv\\\/\",\"logo\":{\"@type\":\"ImageObject\",\"inLanguage\":\"sv-SE\",\"@id\":\"https:\\\/\\\/www.repiper.com\\\/sv\\\/#\\\/schema\\\/logo\\\/image\\\/\",\"url\":\"https:\\\/\\\/www.repiper.com\\\/wp-content\\\/uploads\\\/2022\\\/09\\\/Repiper-sublogo.png\",\"contentUrl\":\"https:\\\/\\\/www.repiper.com\\\/wp-content\\\/uploads\\\/2022\\\/09\\\/Repiper-sublogo.png\",\"width\":506,\"height\":151,\"caption\":\"Repiper US\"},\"image\":{\"@id\":\"https:\\\/\\\/www.repiper.com\\\/sv\\\/#\\\/schema\\\/logo\\\/image\\\/\"},\"sameAs\":[\"https:\\\/\\\/www.facebook.com\\\/RepiperAB\\\/\",\"https:\\\/\\\/se.linkedin.com\\\/company\\\/repiper\",\"https:\\\/\\\/www.instagram.com\\\/repiperab\\\/\"]}]}<\/script>\n<!-- \/ Yoast SEO plugin. -->","yoast_head_json":{"title":"Produkter SE - Repiper","description":"Repipers verktyg och andra produkter, underl\u00e4ttar reliningsinstallationer \u2013 speciellt installationer av grenf\u00f6rst\u00e4rkningar, samt relining av avloppsr\u00f6r i mindre dimensioner, ex. till l\u00e4genheter och badrum.","robots":{"index":"index","follow":"follow","max-snippet":"max-snippet:-1","max-image-preview":"max-image-preview:large","max-video-preview":"max-video-preview:-1"},"canonical":"https:\/\/www.repiper.com\/sv\/produkter\/","og_locale":"sv_SE","og_type":"article","og_title":"Produkter SE - Repiper","og_description":"Repipers verktyg och andra produkter, underl\u00e4ttar reliningsinstallationer \u2013 speciellt installationer av grenf\u00f6rst\u00e4rkningar, samt relining av avloppsr\u00f6r i mindre dimensioner, ex. till l\u00e4genheter och badrum.","og_url":"https:\/\/www.repiper.com\/sv\/produkter\/","og_site_name":"Repiper","article_publisher":"https:\/\/www.facebook.com\/RepiperAB\/","article_modified_time":"2022-11-22T07:00:00+00:00","twitter_card":"summary_large_image","twitter_misc":{"Ber\u00e4knad l\u00e4stid":"7 minuter"},"schema":{"@context":"https:\/\/schema.org","@graph":[{"@type":"WebPage","@id":"https:\/\/www.repiper.com\/sv\/produkter\/","url":"https:\/\/www.repiper.com\/sv\/produkter\/","name":"Produkter SE - Repiper","isPartOf":{"@id":"https:\/\/www.repiper.com\/sv\/#website"},"datePublished":"2022-10-19T06:04:15+00:00","dateModified":"2022-11-22T07:00:00+00:00","description":"Repipers verktyg och andra produkter, underl\u00e4ttar reliningsinstallationer \u2013 speciellt installationer av grenf\u00f6rst\u00e4rkningar, samt relining av avloppsr\u00f6r i mindre dimensioner, ex. till l\u00e4genheter och badrum.","breadcrumb":{"@id":"https:\/\/www.repiper.com\/sv\/produkter\/#breadcrumb"},"inLanguage":"sv-SE","potentialAction":[{"@type":"ReadAction","target":["https:\/\/www.repiper.com\/sv\/produkter\/"]}]},{"@type":"BreadcrumbList","@id":"https:\/\/www.repiper.com\/sv\/produkter\/#breadcrumb","itemListElement":[{"@type":"ListItem","position":1,"name":"Home","item":"https:\/\/www.repiper.com\/sv\/hem\/"},{"@type":"ListItem","position":2,"name":"Produkter"}]},{"@type":"WebSite","@id":"https:\/\/www.repiper.com\/sv\/#website","url":"https:\/\/www.repiper.com\/sv\/","name":"Repiper","description":"","publisher":{"@id":"https:\/\/www.repiper.com\/sv\/#organization"},"potentialAction":[{"@type":"SearchAction","target":{"@type":"EntryPoint","urlTemplate":"https:\/\/www.repiper.com\/sv\/?s={search_term_string}"},"query-input":{"@type":"PropertyValueSpecification","valueRequired":true,"valueName":"search_term_string"}}],"inLanguage":"sv-SE"},{"@type":"Organization","@id":"https:\/\/www.repiper.com\/sv\/#organization","name":"Repiper US","url":"https:\/\/www.repiper.com\/sv\/","logo":{"@type":"ImageObject","inLanguage":"sv-SE","@id":"https:\/\/www.repiper.com\/sv\/#\/schema\/logo\/image\/","url":"https:\/\/www.repiper.com\/wp-content\/uploads\/2022\/09\/Repiper-sublogo.png","contentUrl":"https:\/\/www.repiper.com\/wp-content\/uploads\/2022\/09\/Repiper-sublogo.png","width":506,"height":151,"caption":"Repiper US"},"image":{"@id":"https:\/\/www.repiper.com\/sv\/#\/schema\/logo\/image\/"},"sameAs":["https:\/\/www.facebook.com\/RepiperAB\/","https:\/\/se.linkedin.com\/company\/repiper","https:\/\/www.instagram.com\/repiperab\/"]}]}},"_links":{"self":[{"href":"https:\/\/www.repiper.com\/sv\/wp-json\/wp\/v2\/pages\/2024","targetHints":{"allow":["GET"]}}],"collection":[{"href":"https:\/\/www.repiper.com\/sv\/wp-json\/wp\/v2\/pages"}],"about":[{"href":"https:\/\/www.repiper.com\/sv\/wp-json\/wp\/v2\/types\/page"}],"author":[{"embeddable":true,"href":"https:\/\/www.repiper.com\/sv\/wp-json\/wp\/v2\/users\/3"}],"replies":[{"embeddable":true,"href":"https:\/\/www.repiper.com\/sv\/wp-json\/wp\/v2\/comments?post=2024"}],"version-history":[{"count":5,"href":"https:\/\/www.repiper.com\/sv\/wp-json\/wp\/v2\/pages\/2024\/revisions"}],"predecessor-version":[{"id":4514,"href":"https:\/\/www.repiper.com\/sv\/wp-json\/wp\/v2\/pages\/2024\/revisions\/4514"}],"wp:attachment":[{"href":"https:\/\/www.repiper.com\/sv\/wp-json\/wp\/v2\/media?parent=2024"}],"curies":[{"name":"wp","href":"https:\/\/api.w.org\/{rel}","templated":true}]}}