{"id":4256,"date":"2022-11-21T12:17:08","date_gmt":"2022-11-21T12:17:08","guid":{"rendered":"https:\/\/www.repiper.com\/?page_id=4256"},"modified":"2023-03-29T10:50:58","modified_gmt":"2023-03-29T10:50:58","slug":"thank-you","status":"publish","type":"page","link":"https:\/\/www.repiper.com\/sv\/thank-you\/","title":{"rendered":"Tack!"},"content":{"rendered":"\n<style type=\"text\/css\" data-created_by=\"avia_inline_auto\" id=\"style-css-av-1getsb-c1816a7e53d76b2354f9826ce7ec9e4a\">\n.avia-section.av-1getsb-c1816a7e53d76b2354f9826ce7ec9e4a{\nbackground-repeat:no-repeat;\nbackground-image:url(https:\/\/www.repiper.com\/wp-content\/uploads\/2022\/11\/Group-2447.jpg);\nbackground-position:50% 50%;\nbackground-attachment:scroll;\n}\n<\/style>\n<div id='av_section_1'  class='avia-section av-1getsb-c1816a7e53d76b2354f9826ce7ec9e4a main_color avia-section-default avia-no-border-styling  avia-builder-el-0  el_before_av_section  avia-builder-el-first  full-banner avia-full-stretch avia-bg-style-scroll av-minimum-height av-minimum-height-50 av-height-percent  container_wrap fullsize'  data-section-bg-repeat='stretch' data-av_minimum_height_pc='50' data-av_min_height_opt='percent'><div class='container av-section-cont-open' ><main  role=\"main\" itemprop=\"mainContentOfPage\"  class='template-page content  av-content-full alpha units'><div class='post-entry post-entry-type-page post-entry-4256'><div class='entry-content-wrapper clearfix'>\n<div class='flex_column_table av-1ax0n7-993f1ae539f26bab1bf060d02fb2b847 sc-av_three_fifth av-equal-height-column-flextable'><div  class='flex_column av-1ax0n7-993f1ae539f26bab1bf060d02fb2b847 av_three_fifth  avia-builder-el-1  el_before_av_two_fifth  avia-builder-el-first  banner-content first flex_column_table_cell av-equal-height-column av-align-middle  '     ><p>\n<style type=\"text\/css\" data-created_by=\"avia_inline_auto\" id=\"style-css-av-l9d5oiin-3a9b8f7f13cd2bae9a403de1d3fb1f7f\">\n#top .av-special-heading.av-l9d5oiin-3a9b8f7f13cd2bae9a403de1d3fb1f7f{\npadding-bottom:10px;\ncolor:#ffffff;\nfont-size:60px;\n}\nbody .av-special-heading.av-l9d5oiin-3a9b8f7f13cd2bae9a403de1d3fb1f7f .av-special-heading-tag .heading-char{\nfont-size:25px;\n}\n#top #wrap_all .av-special-heading.av-l9d5oiin-3a9b8f7f13cd2bae9a403de1d3fb1f7f .av-special-heading-tag{\nfont-size:60px;\n}\n.av-special-heading.av-l9d5oiin-3a9b8f7f13cd2bae9a403de1d3fb1f7f .special-heading-inner-border{\nborder-color:#ffffff;\n}\n.av-special-heading.av-l9d5oiin-3a9b8f7f13cd2bae9a403de1d3fb1f7f .av-subheading{\nfont-size:15px;\n}\n\n@media only screen and (min-width: 480px) and (max-width: 767px){ \n#top #wrap_all .av-special-heading.av-l9d5oiin-3a9b8f7f13cd2bae9a403de1d3fb1f7f .av-special-heading-tag{\nfont-size:0.8em;\n}\n}\n\n@media only screen and (max-width: 479px){ \n#top #wrap_all .av-special-heading.av-l9d5oiin-3a9b8f7f13cd2bae9a403de1d3fb1f7f .av-special-heading-tag{\nfont-size:0.8em;\n}\n}\n<\/style>\n<div  class='av-special-heading av-l9d5oiin-3a9b8f7f13cd2bae9a403de1d3fb1f7f av-special-heading-h1 custom-color-heading blockquote modern-quote  avia-builder-el-2  el_before_av_textblock  avia-builder-el-first  animate-one av-inherit-size'><h1 class='av-special-heading-tag '  itemprop=\"headline\"  >Tack!<\/h1><div class=\"special-heading-border\"><div class=\"special-heading-inner-border\"><\/div><\/div><\/div><br \/>\n\n<style type=\"text\/css\" data-created_by=\"avia_inline_auto\" id=\"style-css-av-l9d5ovnc-4bcb21d59716894b1e98cce3435e83f6\">\n#top .av_textblock_section.av-l9d5ovnc-4bcb21d59716894b1e98cce3435e83f6 .avia_textblock{\nfont-size:18px;\ncolor:#ffffff;\n}\n<\/style>\n<section  class='av_textblock_section av-l9d5ovnc-4bcb21d59716894b1e98cce3435e83f6 '   itemscope=\"itemscope\" itemtype=\"https:\/\/schema.org\/CreativeWork\" ><div class='avia_textblock hero-sub-heading av_inherit_color'  itemprop=\"text\" ><p>Vi kontaktar dig inom kort!<\/p>\n<\/div><\/section><\/p><\/div><div class='av-flex-placeholder'><\/div><div  class='flex_column av-13u037-e2d1952dfc97a9a30ef51ada2d01761f av_two_fifth  avia-builder-el-4  el_after_av_three_fifth  avia-builder-el-last  flex_column_table_cell av-equal-height-column av-align-middle  '     ><\/div><\/div><!--close column table wrapper. Autoclose: 1 --><\/div><\/div><\/main><!-- close content main element --><\/div><\/div><div id='av_section_2'  class='avia-section av-1fbrx7-96ae3e3b2944bfe8117d381f88051d28 main_color avia-section-large avia-no-border-styling  avia-builder-el-5  el_after_av_section  avia-builder-el-last  home-products avia-bg-style-scroll container_wrap fullsize'  ><div class='container av-section-cont-open' ><div class='template-page content  av-content-full alpha units'><div class='post-entry post-entry-type-page post-entry-4256'><div class='entry-content-wrapper clearfix'>\n<div class='flex_column_table av-19pyhn-54f228d7cd1ed31582e98326784f4e69 sc-av_two_fifth av-equal-height-column-flextable'>\n<style type=\"text\/css\" data-created_by=\"avia_inline_auto\" id=\"style-css-av-19pyhn-54f228d7cd1ed31582e98326784f4e69\">\n.flex_column.av-19pyhn-54f228d7cd1ed31582e98326784f4e69{\nborder-radius:8px 8px 8px 8px;\n}\n<\/style>\n<div  class='flex_column av-19pyhn-54f228d7cd1ed31582e98326784f4e69 av_two_fifth  avia-builder-el-6  el_before_av_one_fourth  avia-builder-el-first  first flex_column_table_cell av-equal-height-column av-align-top  '     ><style type=\"text\/css\" data-created_by=\"avia_inline_auto\" id=\"style-css-av-13xa57-56ed73227afcd455316bcba61d6d7828\">\n#top .av-special-heading.av-13xa57-56ed73227afcd455316bcba61d6d7828{\npadding-bottom:10px;\ncolor:#2e3335;\n}\nbody .av-special-heading.av-13xa57-56ed73227afcd455316bcba61d6d7828 .av-special-heading-tag .heading-char{\nfont-size:25px;\n}\n.av-special-heading.av-13xa57-56ed73227afcd455316bcba61d6d7828 .special-heading-inner-border{\nborder-color:#005baa;\n}\n.av-special-heading.av-13xa57-56ed73227afcd455316bcba61d6d7828 .av-subheading{\nfont-size:15px;\ncolor:#005baa;\n}\nbody .av-special-heading.av-13xa57-56ed73227afcd455316bcba61d6d7828 .av-special-heading-tag .heading-wrap:before{\nborder-color:#005baa;\n}\nbody .av-special-heading.av-13xa57-56ed73227afcd455316bcba61d6d7828 .av-special-heading-tag .heading-wrap:after{\nborder-color:#005baa;\n}\n<\/style>\n<div  class='av-special-heading av-13xa57-56ed73227afcd455316bcba61d6d7828 av-special-heading-h2 custom-color-heading blockquote modern-quote  avia-builder-el-7  avia-builder-el-no-sibling  sub-heading-blue'><div class='av_custom_color av-subheading av-subheading_above'><p>V\u00c5RA PRODUKTER<\/p>\n<\/div><h2 class='av-special-heading-tag '  itemprop=\"headline\"  >Vi erbjuder dig innovativa och fullt testade l\u00f6sningar<\/h2><div class=\"special-heading-border\"><div class=\"special-heading-inner-border\"><\/div><\/div><\/div><\/div><div class='av-flex-placeholder'><\/div><div  class='flex_column av-wzlpv-47ec3ef171cc38456c44b6b4d17b8001 av_one_fourth  avia-builder-el-8  el_after_av_two_fifth  el_before_av_one_third  flex_column_table_cell av-equal-height-column av-align-top  '     ><\/div><div class='av-flex-placeholder'><\/div><div  class='flex_column av-p648b-0cd3a1b8cbad9947d5cf01b2747c19a8 av_one_third  avia-builder-el-9  el_after_av_one_fourth  el_before_av_codeblock  flex_column_table_cell av-equal-height-column av-align-top  '     ><p><section  class='av_textblock_section av-l0vjn-14b999ed8ad7d8dce32117b1cd7be497 '   itemscope=\"itemscope\" itemtype=\"https:\/\/schema.org\/CreativeWork\" ><div class='avia_textblock av_inherit_color'  itemprop=\"text\" ><p>Kolla in v\u00e5rt utbud av avloppsreng\u00f6ringsverktyg och reliningutrustning och klicka f\u00f6r att l\u00e4ra k\u00e4nna v\u00e5ra produkter.<\/p>\n<\/div><\/section><br \/>\n<div  class='avia-button-wrap av-d137f-36dc4e5975d3e7c8c55e658fb03a7784-wrap avia-button-left  avia-builder-el-11  el_after_av_textblock  avia-builder-el-last  button-blue'>\n<style type=\"text\/css\" data-created_by=\"avia_inline_auto\" id=\"style-css-av-d137f-36dc4e5975d3e7c8c55e658fb03a7784\">\n#top #wrap_all .avia-button.av-d137f-36dc4e5975d3e7c8c55e658fb03a7784{\nfont-size:12px;\ntransition:all 0.4s ease-in-out;\nmargin:40px 0 0 0;\npadding:19px 38px 18px 39px;\n}\n#top #wrap_all .avia-button.av-d137f-36dc4e5975d3e7c8c55e658fb03a7784:hover{\nopacity:0.8;\ntransition:all 0.4s ease-in-out;\n}\n<\/style>\n<a href='https:\/\/www.repiper.com\/sv\/produktkatolog\/'  class='avia-button av-d137f-36dc4e5975d3e7c8c55e658fb03a7784 av-link-btn avia-icon_select-no avia-size-x-large avia-position-left avia-color-dark'   aria-label=\"LADDA NED PRODUKTKATALOG\"><span class='avia_iconbox_title' >LADDA NED PRODUKTKATALOG<\/span><\/a><\/div><\/p><\/div><\/div><!--close column table wrapper. Autoclose: 1 -->\n<\/p>\n","protected":false},"excerpt":{"rendered":"","protected":false},"author":3,"featured_media":0,"parent":0,"menu_order":0,"comment_status":"closed","ping_status":"closed","template":"","meta":{"_acf_changed":false,"footnotes":""},"class_list":["post-4256","page","type-page","status-publish","hentry"],"acf":[],"yoast_head":"<!-- This site is optimized with the Yoast SEO plugin v27.4 - https:\/\/yoast.com\/product\/yoast-seo-wordpress\/ -->\n<title>Tack! | Repiper<\/title>\n<meta name=\"robots\" content=\"noindex, follow\" \/>\n<meta property=\"og:locale\" content=\"sv_SE\" \/>\n<meta property=\"og:type\" content=\"article\" \/>\n<meta property=\"og:title\" content=\"Tack! | Repiper\" \/>\n<meta property=\"og:url\" content=\"https:\/\/www.repiper.com\/sv\/thank-you\/\" \/>\n<meta property=\"og:site_name\" content=\"Repiper\" \/>\n<meta property=\"article:publisher\" content=\"https:\/\/www.facebook.com\/RepiperAB\/\" \/>\n<meta property=\"article:modified_time\" content=\"2023-03-29T10:50:58+00:00\" \/>\n<meta name=\"twitter:card\" content=\"summary_large_image\" \/>\n<meta name=\"twitter:label1\" content=\"Ber\u00e4knad l\u00e4stid\" \/>\n\t<meta name=\"twitter:data1\" content=\"5 minuter\" \/>\n<script type=\"application\/ld+json\" class=\"yoast-schema-graph\">{\"@context\":\"https:\\\/\\\/schema.org\",\"@graph\":[{\"@type\":\"WebPage\",\"@id\":\"https:\\\/\\\/www.repiper.com\\\/sv\\\/thank-you\\\/\",\"url\":\"https:\\\/\\\/www.repiper.com\\\/sv\\\/thank-you\\\/\",\"name\":\"Tack! | Repiper\",\"isPartOf\":{\"@id\":\"https:\\\/\\\/www.repiper.com\\\/sv\\\/#website\"},\"datePublished\":\"2022-11-21T12:17:08+00:00\",\"dateModified\":\"2023-03-29T10:50:58+00:00\",\"breadcrumb\":{\"@id\":\"https:\\\/\\\/www.repiper.com\\\/sv\\\/thank-you\\\/#breadcrumb\"},\"inLanguage\":\"sv-SE\",\"potentialAction\":[{\"@type\":\"ReadAction\",\"target\":[\"https:\\\/\\\/www.repiper.com\\\/sv\\\/thank-you\\\/\"]}]},{\"@type\":\"BreadcrumbList\",\"@id\":\"https:\\\/\\\/www.repiper.com\\\/sv\\\/thank-you\\\/#breadcrumb\",\"itemListElement\":[{\"@type\":\"ListItem\",\"position\":1,\"name\":\"Home\",\"item\":\"https:\\\/\\\/www.repiper.com\\\/sv\\\/hem\\\/\"},{\"@type\":\"ListItem\",\"position\":2,\"name\":\"Tack!\"}]},{\"@type\":\"WebSite\",\"@id\":\"https:\\\/\\\/www.repiper.com\\\/sv\\\/#website\",\"url\":\"https:\\\/\\\/www.repiper.com\\\/sv\\\/\",\"name\":\"Repiper\",\"description\":\"\",\"publisher\":{\"@id\":\"https:\\\/\\\/www.repiper.com\\\/sv\\\/#organization\"},\"potentialAction\":[{\"@type\":\"SearchAction\",\"target\":{\"@type\":\"EntryPoint\",\"urlTemplate\":\"https:\\\/\\\/www.repiper.com\\\/sv\\\/?s={search_term_string}\"},\"query-input\":{\"@type\":\"PropertyValueSpecification\",\"valueRequired\":true,\"valueName\":\"search_term_string\"}}],\"inLanguage\":\"sv-SE\"},{\"@type\":\"Organization\",\"@id\":\"https:\\\/\\\/www.repiper.com\\\/sv\\\/#organization\",\"name\":\"Repiper US\",\"url\":\"https:\\\/\\\/www.repiper.com\\\/sv\\\/\",\"logo\":{\"@type\":\"ImageObject\",\"inLanguage\":\"sv-SE\",\"@id\":\"https:\\\/\\\/www.repiper.com\\\/sv\\\/#\\\/schema\\\/logo\\\/image\\\/\",\"url\":\"https:\\\/\\\/www.repiper.com\\\/wp-content\\\/uploads\\\/2022\\\/09\\\/Repiper-sublogo.png\",\"contentUrl\":\"https:\\\/\\\/www.repiper.com\\\/wp-content\\\/uploads\\\/2022\\\/09\\\/Repiper-sublogo.png\",\"width\":506,\"height\":151,\"caption\":\"Repiper US\"},\"image\":{\"@id\":\"https:\\\/\\\/www.repiper.com\\\/sv\\\/#\\\/schema\\\/logo\\\/image\\\/\"},\"sameAs\":[\"https:\\\/\\\/www.facebook.com\\\/RepiperAB\\\/\",\"https:\\\/\\\/se.linkedin.com\\\/company\\\/repiper\",\"https:\\\/\\\/www.instagram.com\\\/repiperab\\\/\"]}]}<\/script>\n<!-- \/ Yoast SEO plugin. -->","yoast_head_json":{"title":"Tack! | Repiper","robots":{"index":"noindex","follow":"follow"},"og_locale":"sv_SE","og_type":"article","og_title":"Tack! | Repiper","og_url":"https:\/\/www.repiper.com\/sv\/thank-you\/","og_site_name":"Repiper","article_publisher":"https:\/\/www.facebook.com\/RepiperAB\/","article_modified_time":"2023-03-29T10:50:58+00:00","twitter_card":"summary_large_image","twitter_misc":{"Ber\u00e4knad l\u00e4stid":"5 minuter"},"schema":{"@context":"https:\/\/schema.org","@graph":[{"@type":"WebPage","@id":"https:\/\/www.repiper.com\/sv\/thank-you\/","url":"https:\/\/www.repiper.com\/sv\/thank-you\/","name":"Tack! | Repiper","isPartOf":{"@id":"https:\/\/www.repiper.com\/sv\/#website"},"datePublished":"2022-11-21T12:17:08+00:00","dateModified":"2023-03-29T10:50:58+00:00","breadcrumb":{"@id":"https:\/\/www.repiper.com\/sv\/thank-you\/#breadcrumb"},"inLanguage":"sv-SE","potentialAction":[{"@type":"ReadAction","target":["https:\/\/www.repiper.com\/sv\/thank-you\/"]}]},{"@type":"BreadcrumbList","@id":"https:\/\/www.repiper.com\/sv\/thank-you\/#breadcrumb","itemListElement":[{"@type":"ListItem","position":1,"name":"Home","item":"https:\/\/www.repiper.com\/sv\/hem\/"},{"@type":"ListItem","position":2,"name":"Tack!"}]},{"@type":"WebSite","@id":"https:\/\/www.repiper.com\/sv\/#website","url":"https:\/\/www.repiper.com\/sv\/","name":"Repiper","description":"","publisher":{"@id":"https:\/\/www.repiper.com\/sv\/#organization"},"potentialAction":[{"@type":"SearchAction","target":{"@type":"EntryPoint","urlTemplate":"https:\/\/www.repiper.com\/sv\/?s={search_term_string}"},"query-input":{"@type":"PropertyValueSpecification","valueRequired":true,"valueName":"search_term_string"}}],"inLanguage":"sv-SE"},{"@type":"Organization","@id":"https:\/\/www.repiper.com\/sv\/#organization","name":"Repiper US","url":"https:\/\/www.repiper.com\/sv\/","logo":{"@type":"ImageObject","inLanguage":"sv-SE","@id":"https:\/\/www.repiper.com\/sv\/#\/schema\/logo\/image\/","url":"https:\/\/www.repiper.com\/wp-content\/uploads\/2022\/09\/Repiper-sublogo.png","contentUrl":"https:\/\/www.repiper.com\/wp-content\/uploads\/2022\/09\/Repiper-sublogo.png","width":506,"height":151,"caption":"Repiper US"},"image":{"@id":"https:\/\/www.repiper.com\/sv\/#\/schema\/logo\/image\/"},"sameAs":["https:\/\/www.facebook.com\/RepiperAB\/","https:\/\/se.linkedin.com\/company\/repiper","https:\/\/www.instagram.com\/repiperab\/"]}]}},"_links":{"self":[{"href":"https:\/\/www.repiper.com\/sv\/wp-json\/wp\/v2\/pages\/4256","targetHints":{"allow":["GET"]}}],"collection":[{"href":"https:\/\/www.repiper.com\/sv\/wp-json\/wp\/v2\/pages"}],"about":[{"href":"https:\/\/www.repiper.com\/sv\/wp-json\/wp\/v2\/types\/page"}],"author":[{"embeddable":true,"href":"https:\/\/www.repiper.com\/sv\/wp-json\/wp\/v2\/users\/3"}],"replies":[{"embeddable":true,"href":"https:\/\/www.repiper.com\/sv\/wp-json\/wp\/v2\/comments?post=4256"}],"version-history":[{"count":4,"href":"https:\/\/www.repiper.com\/sv\/wp-json\/wp\/v2\/pages\/4256\/revisions"}],"predecessor-version":[{"id":5588,"href":"https:\/\/www.repiper.com\/sv\/wp-json\/wp\/v2\/pages\/4256\/revisions\/5588"}],"wp:attachment":[{"href":"https:\/\/www.repiper.com\/sv\/wp-json\/wp\/v2\/media?parent=4256"}],"curies":[{"name":"wp","href":"https:\/\/api.w.org\/{rel}","templated":true}]}}